{"id":6328,"date":"2019-09-18T17:32:04","date_gmt":"2019-09-18T16:32:04","guid":{"rendered":"https:\/\/www.davidbarra.com\/heroe-del-blog-3-columnas\/"},"modified":"2025-08-18T15:26:40","modified_gmt":"2025-08-18T14:26:40","slug":"heroe-del-blog-3-columnas","status":"publish","type":"page","link":"https:\/\/www.davidbarra.com\/es\/heroe-del-blog-3-columnas\/","title":{"rendered":"H\u00e9roe del blog, 3 columnas"},"content":{"rendered":"\t\t<div data-elementor-type=\"wp-page\" data-elementor-id=\"6328\" class=\"elementor elementor-6328 elementor-4507\" data-elementor-post-type=\"page\">\n\t\t\t\t\t\t<section class=\"elementor-section elementor-top-section elementor-element elementor-element-63099f52 elementor-section-stretched elementor-section-full_width elementor-section-height-default elementor-section-height-default\" data-id=\"63099f52\" data-element_type=\"section\" data-settings='{\"stretch_section\":\"section-stretched\"}'>\n\t\t\t\t\t\t<div class=\"elementor-container elementor-column-gap-no\">\n\t\t\t\t\t<div class=\"elementor-column elementor-col-100 elementor-top-column elementor-element elementor-element-6838df7\" data-id=\"6838df7\" data-element_type=\"column\">\n\t\t\t<div class=\"elementor-widget-wrap elementor-element-populated\">\n\t\t\t\t\t\t<div class=\"elementor-element elementor-element-6f05d5e9 elementor-widget elementor-widget-forester-page-hero\" data-id=\"6f05d5e9\" data-element_type=\"widget\" data-widget_type=\"forester-page-hero.default\">\n\t\t\t\t<div class=\"elementor-widget-container\">\n\t\t\t<div id=\"hero\" class=\"hero page-hero hero-fullwidth hero_6f05d5e9 jarallax\" data-jarallax=\"\" data-type=\"scroll\" data-speed=\"0.2\" data-android=\"0\" data-ios=\"0\" style=\"background-image:url(https:\/\/ninetheme.com\/themes\/elementor\/forester\/wp-content\/uploads\/2017\/03\/bg-1-3.jpg)\" data-img-src=\"https:\/\/ninetheme.com\/themes\/elementor\/forester\/wp-content\/uploads\/2017\/03\/bg-1-3.jpg\" data-img-size=\"cover\" data-img-position=\"center center\" data-img-repeat=\"no-repeat\"><div class=\"hero-content no\"><div class=\"container white\"><div class=\"m-auto\"><div class=\"title-service mb15\"><h2 class=\"page-heading\">H\u00e9roe del blog, 3 columnas<\/h2><\/div><a class=\"hero-btn btn-sm btn btn-circle btn-primary\" href=\"#\">Back To Homepage <\/a><\/div><\/div><\/div><\/div>\t\t<\/div>\n\t\t\t\t<\/div>\n\t\t\t\t\t<\/div>\n\t\t<\/div>\n\t\t\t\t\t<\/div>\n\t\t<\/section>\n\t\t\t\t<section class=\"elementor-section elementor-top-section elementor-element elementor-element-9eff65c elementor-section-boxed elementor-section-height-default elementor-section-height-default\" data-id=\"9eff65c\" data-element_type=\"section\">\n\t\t\t\t\t\t<div class=\"elementor-container elementor-column-gap-default\">\n\t\t\t\t\t<div class=\"elementor-column elementor-col-100 elementor-top-column elementor-element elementor-element-060f62d\" data-id=\"060f62d\" data-element_type=\"column\">\n\t\t\t<div class=\"elementor-widget-wrap elementor-element-populated\">\n\t\t\t\t\t\t<div class=\"elementor-element elementor-element-205dedc elementor-widget elementor-widget-forester-post-grid\" data-id=\"205dedc\" data-element_type=\"widget\" data-widget_type=\"forester-post-grid.default\">\n\t\t\t\t<div class=\"elementor-widget-container\">\n\t\t\t<div class=\"bg-white blog-wrapper\"><div class=\"fullwidth-style\"><h1 class=\"section-heading black text-center pb60\">Blog Post<\/h1><div class=\"posts-filter cbp-l-filters-button text-center\"><div data-filter=\"*\" class=\"cbp-filter-active cbp-filter-item\">All<div class=\"cbp-filter-counter\"><\/div><\/div><div data-filter=\".alimentacion-y-packaging\" class=\"cbp-filter-item\">Alimentaci\u00f3n y packaging<div class=\"cbp-filter-counter\"><\/div><\/div><div data-filter=\".gente\" class=\"cbp-filter-item\">Gente<div class=\"cbp-filter-counter\"><\/div><\/div><div data-filter=\".ia-es\" class=\"cbp-filter-item\">IA<div class=\"cbp-filter-counter\"><\/div><\/div><div data-filter=\".liquidos-y-bebidas\" class=\"cbp-filter-item\">L\u00edquidos y bebidas<div class=\"cbp-filter-counter\"><\/div><\/div><div data-filter=\".publicidad\" class=\"cbp-filter-item\">Publicidad<div class=\"cbp-filter-counter\"><\/div><\/div><div data-filter=\".trabajo-personal\" class=\"cbp-filter-item\">Trabajo personal<div class=\"cbp-filter-counter\"><\/div><\/div><div data-filter=\".trabajos-recientes\" class=\"cbp-filter-item\">Trabajos recientes<div class=\"cbp-filter-counter\"><\/div><\/div><div data-filter=\".video-es\" class=\"cbp-filter-item\">V\u00eddeo<div class=\"cbp-filter-counter\"><\/div><\/div><\/div><div id=\"blog-elementor\" class=\"blog-elementor cbp type-grid\" data-layoutmode=\"grid\" data-grid-adjustment=\"responsive\" data-animation-filter=\"rotateSides\" data-horizontal-gap=\"30\" data-vertical-gap=\"30\" data-xlcount=\"3\" data-lgcount=\"3\" data-smcount=\"1\"><div class=\"cbp-item gente publicidad\"> <div class=\"blog-article\"><div class=\"blog-article-head text-center\"><div class=\"blog-article-category\"><h6 class=\"inline cat-label\">In<\/h6><h4 class=\"inline black post-cat\">gente , publicidad<\/h4><\/div><div class=\"blog-article-title black\"><h2 class=\"post-title\">BeCorp<\/h2><\/div><div class=\"blog-article-date\"><h6 class=\"post-date\">Posted on 13\/04\/2020<\/h6><\/div><\/div><a href=\"https:\/\/www.davidbarra.com\/es\/?post_type=post&amp;p=6404\"><div class=\"blog-article-image\"><img fetchpriority=\"high\" decoding=\"async\" width=\"2000\" height=\"1333\" src=\"https:\/\/www.davidbarra.com\/wp-content\/uploads\/2020\/04\/BeCorp-modelos-1245.jpg\" class=\"attachment-full size-full wp-post-image\" alt=\"\" srcset=\"https:\/\/www.davidbarra.com\/wp-content\/uploads\/2020\/04\/BeCorp-modelos-1245.jpg 2000w, https:\/\/www.davidbarra.com\/wp-content\/uploads\/2020\/04\/BeCorp-modelos-1245-300x200.jpg 300w, https:\/\/www.davidbarra.com\/wp-content\/uploads\/2020\/04\/BeCorp-modelos-1245-1024x682.jpg 1024w, https:\/\/www.davidbarra.com\/wp-content\/uploads\/2020\/04\/BeCorp-modelos-1245-768x512.jpg 768w, https:\/\/www.davidbarra.com\/wp-content\/uploads\/2020\/04\/BeCorp-modelos-1245-1536x1024.jpg 1536w\" sizes=\"(max-width: 2000px) 100vw, 2000px\"><\/div><\/a><h6 class=\"excerpt\"><\/h6><div class=\"read-more\"><a class=\" \" href=\"https:\/\/www.davidbarra.com\/es\/?post_type=post&amp;p=6404\"><h4>VIEW POST \u00bb<\/h4><\/a><\/div><\/div><\/div><div class=\"cbp-item alimentacion-y-packaging\"> <div class=\"blog-article\"><div class=\"blog-article-head text-center\"><div class=\"blog-article-category\"><h6 class=\"inline cat-label\">In<\/h6><h4 class=\"inline black post-cat\">alimentacion-y-packaging<\/h4><\/div><div class=\"blog-article-title black\"><h2 class=\"post-title\">Porci\u00f3n de pizza<\/h2><\/div><div class=\"blog-article-date\"><h6 class=\"post-date\">Posted on 29\/08\/2018<\/h6><\/div><\/div><a href=\"https:\/\/www.davidbarra.com\/es\/?post_type=post&amp;p=6406\"><div class=\"blog-article-image\"><img decoding=\"async\" width=\"2500\" height=\"1465\" src=\"https:\/\/www.davidbarra.com\/wp-content\/uploads\/2018\/08\/pizza.jpg\" class=\"attachment-full size-full wp-post-image\" alt=\"\" srcset=\"https:\/\/www.davidbarra.com\/wp-content\/uploads\/2018\/08\/pizza.jpg 2500w, https:\/\/www.davidbarra.com\/wp-content\/uploads\/2018\/08\/pizza-300x176.jpg 300w, https:\/\/www.davidbarra.com\/wp-content\/uploads\/2018\/08\/pizza-768x450.jpg 768w, https:\/\/www.davidbarra.com\/wp-content\/uploads\/2018\/08\/pizza-1024x600.jpg 1024w\" sizes=\"(max-width: 2500px) 100vw, 2500px\"><\/div><\/a><h6 class=\"excerpt\"><\/h6><div class=\"read-more\"><a class=\" \" href=\"https:\/\/www.davidbarra.com\/es\/?post_type=post&amp;p=6406\"><h4>VIEW POST \u00bb<\/h4><\/a><\/div><\/div><\/div><div class=\"cbp-item alimentacion-y-packaging publicidad trabajo-personal\"> <div class=\"blog-article\"><div class=\"blog-article-head text-center\"><div class=\"blog-article-category\"><h6 class=\"inline cat-label\">In<\/h6><h4 class=\"inline black post-cat\">alimentacion-y-packaging , publicidad , trabajo-personal<\/h4><\/div><div class=\"blog-article-title black\"><h2 class=\"post-title\">Cristal del infinito<\/h2><\/div><div class=\"blog-article-date\"><h6 class=\"post-date\">Posted on 19\/03\/2020<\/h6><\/div><\/div><a href=\"https:\/\/www.davidbarra.com\/es\/?post_type=post&amp;p=6407\"><div class=\"blog-article-image\"><img decoding=\"async\" width=\"2500\" height=\"2500\" src=\"https:\/\/www.davidbarra.com\/wp-content\/uploads\/2020\/01\/infinity-crystal-2500px.jpg\" class=\"attachment-full size-full wp-post-image\" alt=\"Infinity Crystal\" srcset=\"https:\/\/www.davidbarra.com\/wp-content\/uploads\/2020\/01\/infinity-crystal-2500px.jpg 2500w, https:\/\/www.davidbarra.com\/wp-content\/uploads\/2020\/01\/infinity-crystal-2500px-300x300.jpg 300w, https:\/\/www.davidbarra.com\/wp-content\/uploads\/2020\/01\/infinity-crystal-2500px-1024x1024.jpg 1024w, https:\/\/www.davidbarra.com\/wp-content\/uploads\/2020\/01\/infinity-crystal-2500px-150x150.jpg 150w, https:\/\/www.davidbarra.com\/wp-content\/uploads\/2020\/01\/infinity-crystal-2500px-768x768.jpg 768w, https:\/\/www.davidbarra.com\/wp-content\/uploads\/2020\/01\/infinity-crystal-2500px-1536x1536.jpg 1536w, https:\/\/www.davidbarra.com\/wp-content\/uploads\/2020\/01\/infinity-crystal-2500px-2048x2048.jpg 2048w\" sizes=\"(max-width: 2500px) 100vw, 2500px\"><\/div><\/a><h6 class=\"excerpt\"><\/h6><div class=\"read-more\"><a class=\" \" href=\"https:\/\/www.davidbarra.com\/es\/?post_type=post&amp;p=6407\"><h4>VIEW POST \u00bb<\/h4><\/a><\/div><\/div><\/div><div class=\"cbp-item alimentacion-y-packaging publicidad trabajos-recientes\"> <div class=\"blog-article\"><div class=\"blog-article-head text-center\"><div class=\"blog-article-category\"><h6 class=\"inline cat-label\">In<\/h6><h4 class=\"inline black post-cat\">alimentacion-y-packaging , publicidad , trabajos-recientes<\/h4><\/div><div class=\"blog-article-title black\"><h2 class=\"post-title\">Aldi. Fotos nuevas para el interior y el exterior de las tiendas<\/h2><\/div><div class=\"blog-article-date\"><h6 class=\"post-date\">Posted on 19\/10\/2021<\/h6><\/div><\/div><a href=\"https:\/\/www.davidbarra.com\/es\/?post_type=post&amp;p=6408\"><div class=\"blog-article-image\"><img loading=\"lazy\" decoding=\"async\" width=\"2500\" height=\"1875\" src=\"https:\/\/www.davidbarra.com\/wp-content\/uploads\/2021\/07\/Aldi-22.jpg\" class=\"attachment-full size-full wp-post-image\" alt=\"\" srcset=\"https:\/\/www.davidbarra.com\/wp-content\/uploads\/2021\/07\/Aldi-22.jpg 2500w, https:\/\/www.davidbarra.com\/wp-content\/uploads\/2021\/07\/Aldi-22-300x225.jpg 300w, https:\/\/www.davidbarra.com\/wp-content\/uploads\/2021\/07\/Aldi-22-1024x768.jpg 1024w, https:\/\/www.davidbarra.com\/wp-content\/uploads\/2021\/07\/Aldi-22-768x576.jpg 768w, https:\/\/www.davidbarra.com\/wp-content\/uploads\/2021\/07\/Aldi-22-1536x1152.jpg 1536w, https:\/\/www.davidbarra.com\/wp-content\/uploads\/2021\/07\/Aldi-22-2048x1536.jpg 2048w\" sizes=\"(max-width: 2500px) 100vw, 2500px\"><\/div><\/a><h6 class=\"excerpt\"><\/h6><div class=\"read-more\"><a class=\" \" href=\"https:\/\/www.davidbarra.com\/es\/?post_type=post&amp;p=6408\"><h4>VIEW POST \u00bb<\/h4><\/a><\/div><\/div><\/div><div class=\"cbp-item gente publicidad trabajos-recientes\"> <div class=\"blog-article\"><div class=\"blog-article-head text-center\"><div class=\"blog-article-category\"><h6 class=\"inline cat-label\">In<\/h6><h4 class=\"inline black post-cat\">gente , publicidad , trabajos-recientes<\/h4><\/div><div class=\"blog-article-title black\"><h2 class=\"post-title\">Actimel (Danone)<\/h2><\/div><div class=\"blog-article-date\"><h6 class=\"post-date\">Posted on 01\/02\/2023<\/h6><\/div><\/div><a href=\"https:\/\/www.davidbarra.com\/es\/?post_type=post&amp;p=6411\"><div class=\"blog-article-image\"><img loading=\"lazy\" decoding=\"async\" width=\"1693\" height=\"2500\" src=\"https:\/\/www.davidbarra.com\/wp-content\/uploads\/2023\/01\/Actimel-nina-invierno.jpg\" class=\"attachment-full size-full wp-post-image\" alt=\"Actimel (Danone)\" srcset=\"https:\/\/www.davidbarra.com\/wp-content\/uploads\/2023\/01\/Actimel-nina-invierno.jpg 1693w, https:\/\/www.davidbarra.com\/wp-content\/uploads\/2023\/01\/Actimel-nina-invierno-203x300.jpg 203w, https:\/\/www.davidbarra.com\/wp-content\/uploads\/2023\/01\/Actimel-nina-invierno-693x1024.jpg 693w, https:\/\/www.davidbarra.com\/wp-content\/uploads\/2023\/01\/Actimel-nina-invierno-768x1134.jpg 768w, https:\/\/www.davidbarra.com\/wp-content\/uploads\/2023\/01\/Actimel-nina-invierno-1040x1536.jpg 1040w, https:\/\/www.davidbarra.com\/wp-content\/uploads\/2023\/01\/Actimel-nina-invierno-1387x2048.jpg 1387w\" sizes=\"(max-width: 1693px) 100vw, 1693px\"><\/div><\/a><h6 class=\"excerpt\"><\/h6><div class=\"read-more\"><a class=\" \" href=\"https:\/\/www.davidbarra.com\/es\/?post_type=post&amp;p=6411\"><h4>VIEW POST \u00bb<\/h4><\/a><\/div><\/div><\/div><div class=\"cbp-item alimentacion-y-packaging publicidad trabajos-recientes\"> <div class=\"blog-article\"><div class=\"blog-article-head text-center\"><div class=\"blog-article-category\"><h6 class=\"inline cat-label\">In<\/h6><h4 class=\"inline black post-cat\">alimentacion-y-packaging , publicidad , trabajos-recientes<\/h4><\/div><div class=\"blog-article-title black\"><h2 class=\"post-title\">Popettes<\/h2><\/div><div class=\"blog-article-date\"><h6 class=\"post-date\">Posted on 26\/09\/2023<\/h6><\/div><\/div><a href=\"https:\/\/www.davidbarra.com\/es\/?post_type=post&amp;p=6412\"><div class=\"blog-article-image\"><img loading=\"lazy\" decoding=\"async\" width=\"800\" height=\"800\" src=\"https:\/\/www.davidbarra.com\/wp-content\/uploads\/2023\/09\/Pack.jpg\" class=\"attachment-full size-full wp-post-image\" alt=\"Donuts. Bimbo\" srcset=\"https:\/\/www.davidbarra.com\/wp-content\/uploads\/2023\/09\/Pack.jpg 800w, https:\/\/www.davidbarra.com\/wp-content\/uploads\/2023\/09\/Pack-300x300.jpg 300w, https:\/\/www.davidbarra.com\/wp-content\/uploads\/2023\/09\/Pack-150x150.jpg 150w, https:\/\/www.davidbarra.com\/wp-content\/uploads\/2023\/09\/Pack-768x768.jpg 768w\" sizes=\"(max-width: 800px) 100vw, 800px\"><\/div><\/a><h6 class=\"excerpt\"><\/h6><div class=\"read-more\"><a class=\" \" href=\"https:\/\/www.davidbarra.com\/es\/?post_type=post&amp;p=6412\"><h4>VIEW POST \u00bb<\/h4><\/a><\/div><\/div><\/div><\/div><\/div><\/div>\t\t<\/div>\n\t\t\t\t<\/div>\n\t\t\t\t\t<\/div>\n\t\t<\/div>\n\t\t\t\t\t<\/div>\n\t\t<\/section>\n\t\t\t\t<\/div>\n\t\t","protected":false},"excerpt":{"rendered":"<p>Blog Hero 3 Column Back To Homepage Blog Post AllHealthLifestylePhotographyTravel In uncategorized Hello world! Posted on September 14, 2019 Welcome to WordPress. This is your first post. Edit or delete it, then start writing! VIEW POST \u00bb In photography Blank Image Posted on March 8, 2017 So insisted received is occasion advanced honoured. Among ready [&hellip;]<\/p>\n","protected":false},"author":1,"featured_media":0,"parent":0,"menu_order":0,"comment_status":"closed","ping_status":"closed","template":"forester-elementor-page.php","meta":{"footnotes":""},"class_list":["post-6328","page","type-page","status-publish","hentry"],"yoast_head":"<!-- This site is optimized with the Yoast SEO plugin v27.4 - https:\/\/yoast.com\/product\/yoast-seo-wordpress\/ -->\n<title>H\u00e9roe del blog, 3 columnas - David Barra Studio +34 610 641 454<\/title>\n<meta name=\"description\" content=\"David Barra Studio +34 610 64 14 54 Fotograf\u00eda de alimentaci\u00f3n packaging y publicidad\" \/>\n<meta name=\"robots\" content=\"index, follow, max-snippet:-1, max-image-preview:large, max-video-preview:-1\" \/>\n<link rel=\"canonical\" href=\"https:\/\/www.davidbarra.com\/es\/heroe-del-blog-3-columnas\/\" \/>\n<meta name=\"twitter:label1\" content=\"Tiempo de lectura\" \/>\n\t<meta name=\"twitter:data1\" content=\"1 minuto\" \/>\n<script type=\"application\/ld+json\" class=\"yoast-schema-graph\">{\"@context\":\"https:\\\/\\\/schema.org\",\"@graph\":[{\"@type\":\"WebPage\",\"@id\":\"https:\\\/\\\/www.davidbarra.com\\\/es\\\/heroe-del-blog-3-columnas\\\/\",\"url\":\"https:\\\/\\\/www.davidbarra.com\\\/es\\\/heroe-del-blog-3-columnas\\\/\",\"name\":\"H\u00e9roe del blog, 3 columnas - David Barra Studio +34 610 641 454\",\"isPartOf\":{\"@id\":\"https:\\\/\\\/www.davidbarra.com\\\/es\\\/#website\"},\"primaryImageOfPage\":{\"@id\":\"https:\\\/\\\/www.davidbarra.com\\\/es\\\/heroe-del-blog-3-columnas\\\/#primaryimage\"},\"image\":{\"@id\":\"https:\\\/\\\/www.davidbarra.com\\\/es\\\/heroe-del-blog-3-columnas\\\/#primaryimage\"},\"thumbnailUrl\":\"https:\\\/\\\/www.davidbarra.com\\\/wp-content\\\/uploads\\\/2017\\\/03\\\/post-6-3-1.jpg\",\"datePublished\":\"2019-09-18T16:32:04+00:00\",\"dateModified\":\"2025-08-18T14:26:40+00:00\",\"description\":\"David Barra Studio +34 610 64 14 54 Fotograf\u00eda de alimentaci\u00f3n packaging y publicidad\",\"breadcrumb\":{\"@id\":\"https:\\\/\\\/www.davidbarra.com\\\/es\\\/heroe-del-blog-3-columnas\\\/#breadcrumb\"},\"inLanguage\":\"es\",\"potentialAction\":[{\"@type\":\"ReadAction\",\"target\":[\"https:\\\/\\\/www.davidbarra.com\\\/es\\\/heroe-del-blog-3-columnas\\\/\"]}]},{\"@type\":\"ImageObject\",\"inLanguage\":\"es\",\"@id\":\"https:\\\/\\\/www.davidbarra.com\\\/es\\\/heroe-del-blog-3-columnas\\\/#primaryimage\",\"url\":\"https:\\\/\\\/www.davidbarra.com\\\/wp-content\\\/uploads\\\/2017\\\/03\\\/post-6-3-1.jpg\",\"contentUrl\":\"https:\\\/\\\/www.davidbarra.com\\\/wp-content\\\/uploads\\\/2017\\\/03\\\/post-6-3-1.jpg\"},{\"@type\":\"BreadcrumbList\",\"@id\":\"https:\\\/\\\/www.davidbarra.com\\\/es\\\/heroe-del-blog-3-columnas\\\/#breadcrumb\",\"itemListElement\":[{\"@type\":\"ListItem\",\"position\":1,\"name\":\"Portada\",\"item\":\"https:\\\/\\\/www.davidbarra.com\\\/es\\\/\"},{\"@type\":\"ListItem\",\"position\":2,\"name\":\"H\u00e9roe del blog, 3 columnas\"}]},{\"@type\":\"WebSite\",\"@id\":\"https:\\\/\\\/www.davidbarra.com\\\/es\\\/#website\",\"url\":\"https:\\\/\\\/www.davidbarra.com\\\/es\\\/\",\"name\":\"David Barra Studio +34 610 641 454\",\"description\":\"David Barra Studio +34 610 64 14 54 Fotograf\u00eda de alimentaci\u00f3n packaging y publicidad. Fot\u00f3grafo profesional. Barcelona.\",\"publisher\":{\"@id\":\"https:\\\/\\\/www.davidbarra.com\\\/es\\\/#organization\"},\"potentialAction\":[{\"@type\":\"SearchAction\",\"target\":{\"@type\":\"EntryPoint\",\"urlTemplate\":\"https:\\\/\\\/www.davidbarra.com\\\/es\\\/?s={search_term_string}\"},\"query-input\":{\"@type\":\"PropertyValueSpecification\",\"valueRequired\":true,\"valueName\":\"search_term_string\"}}],\"inLanguage\":\"es\"},{\"@type\":\"Organization\",\"@id\":\"https:\\\/\\\/www.davidbarra.com\\\/es\\\/#organization\",\"name\":\"David Barra Studio\",\"url\":\"https:\\\/\\\/www.davidbarra.com\\\/es\\\/\",\"logo\":{\"@type\":\"ImageObject\",\"inLanguage\":\"es\",\"@id\":\"https:\\\/\\\/www.davidbarra.com\\\/es\\\/#\\\/schema\\\/logo\\\/image\\\/\",\"url\":\"https:\\\/\\\/www.davidbarra.com\\\/wp-content\\\/uploads\\\/2020\\\/12\\\/logo-DADES-amb-marc-512-px.jpg\",\"contentUrl\":\"https:\\\/\\\/www.davidbarra.com\\\/wp-content\\\/uploads\\\/2020\\\/12\\\/logo-DADES-amb-marc-512-px.jpg\",\"width\":512,\"height\":511,\"caption\":\"David Barra Studio\"},\"image\":{\"@id\":\"https:\\\/\\\/www.davidbarra.com\\\/es\\\/#\\\/schema\\\/logo\\\/image\\\/\"},\"sameAs\":[\"https:\\\/\\\/www.facebook.com\\\/david.barra\\\/\",\"https:\\\/\\\/www.instagram.com\\\/davidbarrastudio\\\/\",\"https:\\\/\\\/www.linkedin.com\\\/in\\\/davidbarra\\\/\"]}]}<\/script>\n<!-- \/ Yoast SEO plugin. -->","yoast_head_json":{"title":"H\u00e9roe del blog, 3 columnas - David Barra Studio +34 610 641 454","description":"David Barra Studio +34 610 64 14 54 Fotograf\u00eda de alimentaci\u00f3n packaging y publicidad","robots":{"index":"index","follow":"follow","max-snippet":"max-snippet:-1","max-image-preview":"max-image-preview:large","max-video-preview":"max-video-preview:-1"},"canonical":"https:\/\/www.davidbarra.com\/es\/heroe-del-blog-3-columnas\/","twitter_misc":{"Tiempo de lectura":"1 minuto"},"schema":{"@context":"https:\/\/schema.org","@graph":[{"@type":"WebPage","@id":"https:\/\/www.davidbarra.com\/es\/heroe-del-blog-3-columnas\/","url":"https:\/\/www.davidbarra.com\/es\/heroe-del-blog-3-columnas\/","name":"H\u00e9roe del blog, 3 columnas - David Barra Studio +34 610 641 454","isPartOf":{"@id":"https:\/\/www.davidbarra.com\/es\/#website"},"primaryImageOfPage":{"@id":"https:\/\/www.davidbarra.com\/es\/heroe-del-blog-3-columnas\/#primaryimage"},"image":{"@id":"https:\/\/www.davidbarra.com\/es\/heroe-del-blog-3-columnas\/#primaryimage"},"thumbnailUrl":"https:\/\/www.davidbarra.com\/wp-content\/uploads\/2017\/03\/post-6-3-1.jpg","datePublished":"2019-09-18T16:32:04+00:00","dateModified":"2025-08-18T14:26:40+00:00","description":"David Barra Studio +34 610 64 14 54 Fotograf\u00eda de alimentaci\u00f3n packaging y publicidad","breadcrumb":{"@id":"https:\/\/www.davidbarra.com\/es\/heroe-del-blog-3-columnas\/#breadcrumb"},"inLanguage":"es","potentialAction":[{"@type":"ReadAction","target":["https:\/\/www.davidbarra.com\/es\/heroe-del-blog-3-columnas\/"]}]},{"@type":"ImageObject","inLanguage":"es","@id":"https:\/\/www.davidbarra.com\/es\/heroe-del-blog-3-columnas\/#primaryimage","url":"https:\/\/www.davidbarra.com\/wp-content\/uploads\/2017\/03\/post-6-3-1.jpg","contentUrl":"https:\/\/www.davidbarra.com\/wp-content\/uploads\/2017\/03\/post-6-3-1.jpg"},{"@type":"BreadcrumbList","@id":"https:\/\/www.davidbarra.com\/es\/heroe-del-blog-3-columnas\/#breadcrumb","itemListElement":[{"@type":"ListItem","position":1,"name":"Portada","item":"https:\/\/www.davidbarra.com\/es\/"},{"@type":"ListItem","position":2,"name":"H\u00e9roe del blog, 3 columnas"}]},{"@type":"WebSite","@id":"https:\/\/www.davidbarra.com\/es\/#website","url":"https:\/\/www.davidbarra.com\/es\/","name":"David Barra Studio +34 610 641 454","description":"David Barra Studio +34 610 64 14 54 Fotograf\u00eda de alimentaci\u00f3n packaging y publicidad. Fot\u00f3grafo profesional. Barcelona.","publisher":{"@id":"https:\/\/www.davidbarra.com\/es\/#organization"},"potentialAction":[{"@type":"SearchAction","target":{"@type":"EntryPoint","urlTemplate":"https:\/\/www.davidbarra.com\/es\/?s={search_term_string}"},"query-input":{"@type":"PropertyValueSpecification","valueRequired":true,"valueName":"search_term_string"}}],"inLanguage":"es"},{"@type":"Organization","@id":"https:\/\/www.davidbarra.com\/es\/#organization","name":"David Barra Studio","url":"https:\/\/www.davidbarra.com\/es\/","logo":{"@type":"ImageObject","inLanguage":"es","@id":"https:\/\/www.davidbarra.com\/es\/#\/schema\/logo\/image\/","url":"https:\/\/www.davidbarra.com\/wp-content\/uploads\/2020\/12\/logo-DADES-amb-marc-512-px.jpg","contentUrl":"https:\/\/www.davidbarra.com\/wp-content\/uploads\/2020\/12\/logo-DADES-amb-marc-512-px.jpg","width":512,"height":511,"caption":"David Barra Studio"},"image":{"@id":"https:\/\/www.davidbarra.com\/es\/#\/schema\/logo\/image\/"},"sameAs":["https:\/\/www.facebook.com\/david.barra\/","https:\/\/www.instagram.com\/davidbarrastudio\/","https:\/\/www.linkedin.com\/in\/davidbarra\/"]}]}},"_links":{"self":[{"href":"https:\/\/www.davidbarra.com\/es\/wp-json\/wp\/v2\/pages\/6328","targetHints":{"allow":["GET"]}}],"collection":[{"href":"https:\/\/www.davidbarra.com\/es\/wp-json\/wp\/v2\/pages"}],"about":[{"href":"https:\/\/www.davidbarra.com\/es\/wp-json\/wp\/v2\/types\/page"}],"author":[{"embeddable":true,"href":"https:\/\/www.davidbarra.com\/es\/wp-json\/wp\/v2\/users\/1"}],"replies":[{"embeddable":true,"href":"https:\/\/www.davidbarra.com\/es\/wp-json\/wp\/v2\/comments?post=6328"}],"version-history":[{"count":1,"href":"https:\/\/www.davidbarra.com\/es\/wp-json\/wp\/v2\/pages\/6328\/revisions"}],"predecessor-version":[{"id":6329,"href":"https:\/\/www.davidbarra.com\/es\/wp-json\/wp\/v2\/pages\/6328\/revisions\/6329"}],"wp:attachment":[{"href":"https:\/\/www.davidbarra.com\/es\/wp-json\/wp\/v2\/media?parent=6328"}],"curies":[{"name":"wp","href":"https:\/\/api.w.org\/{rel}","templated":true}]}}