{"id":6326,"date":"2024-01-05T17:27:11","date_gmt":"2024-01-05T16:27:11","guid":{"rendered":"https:\/\/www.davidbarra.com\/finalizar-compra\/"},"modified":"2025-08-18T15:26:38","modified_gmt":"2025-08-18T14:26:38","slug":"finalizar-compra","status":"publish","type":"page","link":"https:\/\/www.davidbarra.com\/es\/finalizar-compra\/","title":{"rendered":"Finalizar compra"},"content":{"rendered":"\n<div class=\"wp-block-woocommerce-checkout alignwide wc-block-checkout is-loading\">\n<div class=\"wp-block-woocommerce-checkout-fields-block\">\n<div class=\"wp-block-woocommerce-checkout-express-payment-block\"><\/div>\n\n\n\n<div class=\"wp-block-woocommerce-checkout-contact-information-block\"><\/div>\n\n\n\n<div class=\"wp-block-woocommerce-checkout-shipping-method-block\"><\/div>\n\n\n\n<div class=\"wp-block-woocommerce-checkout-pickup-options-block\"><\/div>\n\n\n\n<div class=\"wp-block-woocommerce-checkout-shipping-address-block\"><\/div>\n\n\n\n<div class=\"wp-block-woocommerce-checkout-billing-address-block\"><\/div>\n\n\n\n<div class=\"wp-block-woocommerce-checkout-shipping-methods-block\"><\/div>\n\n\n\n<div class=\"wp-block-woocommerce-checkout-payment-block\"><\/div>\n\n\n\n<div class=\"wp-block-woocommerce-checkout-order-note-block\"><\/div>\n\n\n\n<div class=\"wp-block-woocommerce-checkout-terms-block\"><\/div>\n\n\n\n<div class=\"wp-block-woocommerce-checkout-actions-block\"><\/div>\n<\/div>\n\n\n\n<div class=\"wp-block-woocommerce-checkout-totals-block\">\n<div class=\"wp-block-woocommerce-checkout-order-summary-block\">\n<div class=\"wp-block-woocommerce-checkout-order-summary-cart-items-block\"><\/div>\n\n\n\n<div class=\"wp-block-woocommerce-checkout-order-summary-coupon-form-block\"><\/div>\n\n\n\n<div class=\"wp-block-woocommerce-checkout-order-summary-subtotal-block\"><\/div>\n\n\n\n<div class=\"wp-block-woocommerce-checkout-order-summary-fee-block\"><\/div>\n\n\n\n<div class=\"wp-block-woocommerce-checkout-order-summary-discount-block\"><\/div>\n\n\n\n<div class=\"wp-block-woocommerce-checkout-order-summary-shipping-block\"><\/div>\n\n\n\n<div class=\"wp-block-woocommerce-checkout-order-summary-taxes-block\"><\/div>\n<\/div>\n<\/div>\n<\/div>\n","protected":false},"excerpt":{"rendered":"","protected":false},"author":1,"featured_media":0,"parent":0,"menu_order":0,"comment_status":"closed","ping_status":"closed","template":"","meta":{"footnotes":""},"class_list":["post-6326","page","type-page","status-publish","hentry"],"yoast_head":"<!-- This site is optimized with the Yoast SEO plugin v27.4 - https:\/\/yoast.com\/product\/yoast-seo-wordpress\/ -->\n<title>Finalizar compra - David Barra Studio +34 610 641 454<\/title>\n<meta name=\"description\" content=\"David Barra Studio +34 610 64 14 54 Fotograf\u00eda de alimentaci\u00f3n packaging y publicidad\" \/>\n<meta name=\"robots\" content=\"index, follow, max-snippet:-1, max-image-preview:large, max-video-preview:-1\" \/>\n<link rel=\"canonical\" href=\"https:\/\/www.davidbarra.com\/es\/finalizar-compra\/\" \/>\n<script type=\"application\/ld+json\" class=\"yoast-schema-graph\">{\"@context\":\"https:\\\/\\\/schema.org\",\"@graph\":[{\"@type\":\"WebPage\",\"@id\":\"https:\\\/\\\/www.davidbarra.com\\\/es\\\/finalizar-compra\\\/\",\"url\":\"https:\\\/\\\/www.davidbarra.com\\\/es\\\/finalizar-compra\\\/\",\"name\":\"Finalizar compra - David Barra Studio +34 610 641 454\",\"isPartOf\":{\"@id\":\"https:\\\/\\\/www.davidbarra.com\\\/es\\\/#website\"},\"datePublished\":\"2024-01-05T16:27:11+00:00\",\"dateModified\":\"2025-08-18T14:26:38+00:00\",\"description\":\"David Barra Studio +34 610 64 14 54 Fotograf\u00eda de alimentaci\u00f3n packaging y publicidad\",\"breadcrumb\":{\"@id\":\"https:\\\/\\\/www.davidbarra.com\\\/es\\\/finalizar-compra\\\/#breadcrumb\"},\"inLanguage\":\"es\",\"potentialAction\":[{\"@type\":\"ReadAction\",\"target\":[\"https:\\\/\\\/www.davidbarra.com\\\/es\\\/finalizar-compra\\\/\"]}]},{\"@type\":\"BreadcrumbList\",\"@id\":\"https:\\\/\\\/www.davidbarra.com\\\/es\\\/finalizar-compra\\\/#breadcrumb\",\"itemListElement\":[{\"@type\":\"ListItem\",\"position\":1,\"name\":\"Portada\",\"item\":\"https:\\\/\\\/www.davidbarra.com\\\/es\\\/\"},{\"@type\":\"ListItem\",\"position\":2,\"name\":\"Finalizar compra\"}]},{\"@type\":\"WebSite\",\"@id\":\"https:\\\/\\\/www.davidbarra.com\\\/es\\\/#website\",\"url\":\"https:\\\/\\\/www.davidbarra.com\\\/es\\\/\",\"name\":\"David Barra Studio +34 610 641 454\",\"description\":\"David Barra Studio +34 610 64 14 54 Fotograf\u00eda de alimentaci\u00f3n packaging y publicidad. Fot\u00f3grafo profesional. Barcelona.\",\"publisher\":{\"@id\":\"https:\\\/\\\/www.davidbarra.com\\\/es\\\/#organization\"},\"potentialAction\":[{\"@type\":\"SearchAction\",\"target\":{\"@type\":\"EntryPoint\",\"urlTemplate\":\"https:\\\/\\\/www.davidbarra.com\\\/es\\\/?s={search_term_string}\"},\"query-input\":{\"@type\":\"PropertyValueSpecification\",\"valueRequired\":true,\"valueName\":\"search_term_string\"}}],\"inLanguage\":\"es\"},{\"@type\":\"Organization\",\"@id\":\"https:\\\/\\\/www.davidbarra.com\\\/es\\\/#organization\",\"name\":\"David Barra Studio\",\"url\":\"https:\\\/\\\/www.davidbarra.com\\\/es\\\/\",\"logo\":{\"@type\":\"ImageObject\",\"inLanguage\":\"es\",\"@id\":\"https:\\\/\\\/www.davidbarra.com\\\/es\\\/#\\\/schema\\\/logo\\\/image\\\/\",\"url\":\"https:\\\/\\\/www.davidbarra.com\\\/wp-content\\\/uploads\\\/2020\\\/12\\\/logo-DADES-amb-marc-512-px.jpg\",\"contentUrl\":\"https:\\\/\\\/www.davidbarra.com\\\/wp-content\\\/uploads\\\/2020\\\/12\\\/logo-DADES-amb-marc-512-px.jpg\",\"width\":512,\"height\":511,\"caption\":\"David Barra Studio\"},\"image\":{\"@id\":\"https:\\\/\\\/www.davidbarra.com\\\/es\\\/#\\\/schema\\\/logo\\\/image\\\/\"},\"sameAs\":[\"https:\\\/\\\/www.facebook.com\\\/david.barra\\\/\",\"https:\\\/\\\/www.instagram.com\\\/davidbarrastudio\\\/\",\"https:\\\/\\\/www.linkedin.com\\\/in\\\/davidbarra\\\/\"]}]}<\/script>\n<!-- \/ Yoast SEO plugin. -->","yoast_head_json":{"title":"Finalizar compra - David Barra Studio +34 610 641 454","description":"David Barra Studio +34 610 64 14 54 Fotograf\u00eda de alimentaci\u00f3n packaging y publicidad","robots":{"index":"index","follow":"follow","max-snippet":"max-snippet:-1","max-image-preview":"max-image-preview:large","max-video-preview":"max-video-preview:-1"},"canonical":"https:\/\/www.davidbarra.com\/es\/finalizar-compra\/","schema":{"@context":"https:\/\/schema.org","@graph":[{"@type":"WebPage","@id":"https:\/\/www.davidbarra.com\/es\/finalizar-compra\/","url":"https:\/\/www.davidbarra.com\/es\/finalizar-compra\/","name":"Finalizar compra - David Barra Studio +34 610 641 454","isPartOf":{"@id":"https:\/\/www.davidbarra.com\/es\/#website"},"datePublished":"2024-01-05T16:27:11+00:00","dateModified":"2025-08-18T14:26:38+00:00","description":"David Barra Studio +34 610 64 14 54 Fotograf\u00eda de alimentaci\u00f3n packaging y publicidad","breadcrumb":{"@id":"https:\/\/www.davidbarra.com\/es\/finalizar-compra\/#breadcrumb"},"inLanguage":"es","potentialAction":[{"@type":"ReadAction","target":["https:\/\/www.davidbarra.com\/es\/finalizar-compra\/"]}]},{"@type":"BreadcrumbList","@id":"https:\/\/www.davidbarra.com\/es\/finalizar-compra\/#breadcrumb","itemListElement":[{"@type":"ListItem","position":1,"name":"Portada","item":"https:\/\/www.davidbarra.com\/es\/"},{"@type":"ListItem","position":2,"name":"Finalizar compra"}]},{"@type":"WebSite","@id":"https:\/\/www.davidbarra.com\/es\/#website","url":"https:\/\/www.davidbarra.com\/es\/","name":"David Barra Studio +34 610 641 454","description":"David Barra Studio +34 610 64 14 54 Fotograf\u00eda de alimentaci\u00f3n packaging y publicidad. Fot\u00f3grafo profesional. Barcelona.","publisher":{"@id":"https:\/\/www.davidbarra.com\/es\/#organization"},"potentialAction":[{"@type":"SearchAction","target":{"@type":"EntryPoint","urlTemplate":"https:\/\/www.davidbarra.com\/es\/?s={search_term_string}"},"query-input":{"@type":"PropertyValueSpecification","valueRequired":true,"valueName":"search_term_string"}}],"inLanguage":"es"},{"@type":"Organization","@id":"https:\/\/www.davidbarra.com\/es\/#organization","name":"David Barra Studio","url":"https:\/\/www.davidbarra.com\/es\/","logo":{"@type":"ImageObject","inLanguage":"es","@id":"https:\/\/www.davidbarra.com\/es\/#\/schema\/logo\/image\/","url":"https:\/\/www.davidbarra.com\/wp-content\/uploads\/2020\/12\/logo-DADES-amb-marc-512-px.jpg","contentUrl":"https:\/\/www.davidbarra.com\/wp-content\/uploads\/2020\/12\/logo-DADES-amb-marc-512-px.jpg","width":512,"height":511,"caption":"David Barra Studio"},"image":{"@id":"https:\/\/www.davidbarra.com\/es\/#\/schema\/logo\/image\/"},"sameAs":["https:\/\/www.facebook.com\/david.barra\/","https:\/\/www.instagram.com\/davidbarrastudio\/","https:\/\/www.linkedin.com\/in\/davidbarra\/"]}]}},"_links":{"self":[{"href":"https:\/\/www.davidbarra.com\/es\/wp-json\/wp\/v2\/pages\/6326","targetHints":{"allow":["GET"]}}],"collection":[{"href":"https:\/\/www.davidbarra.com\/es\/wp-json\/wp\/v2\/pages"}],"about":[{"href":"https:\/\/www.davidbarra.com\/es\/wp-json\/wp\/v2\/types\/page"}],"author":[{"embeddable":true,"href":"https:\/\/www.davidbarra.com\/es\/wp-json\/wp\/v2\/users\/1"}],"replies":[{"embeddable":true,"href":"https:\/\/www.davidbarra.com\/es\/wp-json\/wp\/v2\/comments?post=6326"}],"version-history":[{"count":1,"href":"https:\/\/www.davidbarra.com\/es\/wp-json\/wp\/v2\/pages\/6326\/revisions"}],"predecessor-version":[{"id":6327,"href":"https:\/\/www.davidbarra.com\/es\/wp-json\/wp\/v2\/pages\/6326\/revisions\/6327"}],"wp:attachment":[{"href":"https:\/\/www.davidbarra.com\/es\/wp-json\/wp\/v2\/media?parent=6326"}],"curies":[{"name":"wp","href":"https:\/\/api.w.org\/{rel}","templated":true}]}}