{"id":6319,"date":"2019-09-18T15:15:28","date_gmt":"2019-09-18T14:15:28","guid":{"rendered":"https:\/\/www.davidbarra.com\/marca\/"},"modified":"2025-08-18T15:26:34","modified_gmt":"2025-08-18T14:26:34","slug":"marca","status":"publish","type":"page","link":"https:\/\/www.davidbarra.com\/es\/marca\/","title":{"rendered":"Marca"},"content":{"rendered":"\t\t<div data-elementor-type=\"wp-page\" data-elementor-id=\"6319\" class=\"elementor elementor-6319 elementor-2013\" data-elementor-post-type=\"page\">\n\t\t\t\t\t\t<section class=\"elementor-section elementor-top-section elementor-element elementor-element-69af9820 elementor-section-stretched elementor-section-full_width elementor-section-height-default elementor-section-height-default\" data-id=\"69af9820\" data-element_type=\"section\" data-settings='{\"stretch_section\":\"section-stretched\"}'>\n\t\t\t\t\t\t<div class=\"elementor-container elementor-column-gap-no\">\n\t\t\t\t\t<div class=\"elementor-column elementor-col-100 elementor-top-column elementor-element elementor-element-4dbb4179\" data-id=\"4dbb4179\" data-element_type=\"column\">\n\t\t\t<div class=\"elementor-widget-wrap elementor-element-populated\">\n\t\t\t\t\t\t<div class=\"elementor-element elementor-element-6558dab5 elementor-widget elementor-widget-forester-page-hero\" data-id=\"6558dab5\" data-element_type=\"widget\" data-widget_type=\"forester-page-hero.default\">\n\t\t\t\t<div class=\"elementor-widget-container\">\n\t\t\t<div id=\"hero\" class=\"hero page-hero hero-fullwidth hero_6558dab5 jarallax\" data-jarallax=\"\" data-type=\"scroll\" data-speed=\"0.2\" data-android=\"0\" data-ios=\"0\" style=\"background-image:url(https:\/\/ninetheme.com\/themes\/elementor\/forester\/wp-content\/uploads\/2018\/05\/bg-1-3.jpg)\" data-img-src=\"https:\/\/ninetheme.com\/themes\/elementor\/forester\/wp-content\/uploads\/2018\/05\/bg-1-3.jpg\" data-img-size=\"cover\" data-img-position=\"center center\" data-img-repeat=\"no-repeat\"><div class=\"hero-content no\"><div class=\"container white\"><div class=\"m-auto\"><div class=\"title-service mb15\"><h2 class=\"page-heading\">Marca<\/h2><\/div><a class=\"hero-btn btn-sm btn btn-circle btn-ghost-white\" href=\"#\">Back To Homepage <\/a><\/div><\/div><\/div><\/div>\t\t<\/div>\n\t\t\t\t<\/div>\n\t\t\t\t\t<\/div>\n\t\t<\/div>\n\t\t\t\t\t<\/div>\n\t\t<\/section>\n\t\t\t\t<section class=\"elementor-section elementor-top-section elementor-element elementor-element-cc8f50a elementor-section-boxed elementor-section-height-default elementor-section-height-default\" data-id=\"cc8f50a\" data-element_type=\"section\">\n\t\t\t\t\t\t<div class=\"elementor-container elementor-column-gap-default\">\n\t\t\t\t\t<div class=\"elementor-column elementor-col-100 elementor-top-column elementor-element elementor-element-bb6878e\" data-id=\"bb6878e\" data-element_type=\"column\">\n\t\t\t<div class=\"elementor-widget-wrap elementor-element-populated\">\n\t\t\t\t\t\t<div class=\"elementor-element elementor-element-9b62efd elementor-widget elementor-widget-text-editor\" data-id=\"9b62efd\" data-element_type=\"widget\" data-widget_type=\"text-editor.default\">\n\t\t\t\t<div class=\"elementor-widget-container\">\n\t\t\t\t\t\t\t<p>Somos Forester, una agencia digital creativa ubicada en Nueva York. Creamos cosas que la gente ama, necesita y disfruta al m\u00e1ximo. Hemos establecido una docena de clientes satisfechos en todo el mundo y nos hemos ganado la reputaci\u00f3n de ser la agencia digital m\u00e1s innovadora de Nueva York. Ut ut lectus id massa rhoncus commodo. Nulla sed aliquet orci. Integer et nisi lobortis, efficitur arcu dictum, elementum felis. Nullam vulputate risus diam<\/p>\t\t\t\t\t\t<\/div>\n\t\t\t\t<\/div>\n\t\t\t\t\t<\/div>\n\t\t<\/div>\n\t\t\t\t\t<\/div>\n\t\t<\/section>\n\t\t\t\t<section class=\"elementor-section elementor-top-section elementor-element elementor-element-17bb6007 elementor-section-stretched elementor-section-boxed elementor-section-height-default elementor-section-height-default\" data-id=\"17bb6007\" data-element_type=\"section\" data-settings='{\"stretch_section\":\"section-stretched\",\"background_background\":\"classic\"}'>\n\t\t\t\t\t\t<div class=\"elementor-container elementor-column-gap-no\">\n\t\t\t\t\t<div class=\"elementor-column elementor-col-100 elementor-top-column elementor-element elementor-element-1f9cd2d5\" data-id=\"1f9cd2d5\" data-element_type=\"column\">\n\t\t\t<div class=\"elementor-widget-wrap elementor-element-populated\">\n\t\t\t\t\t\t<section class=\"elementor-section elementor-inner-section elementor-element elementor-element-3e23d5c3 elementor-section-boxed elementor-section-height-default elementor-section-height-default\" data-id=\"3e23d5c3\" data-element_type=\"section\">\n\t\t\t\t\t\t<div class=\"elementor-container elementor-column-gap-default\">\n\t\t\t\t\t<div class=\"elementor-column elementor-col-100 elementor-inner-column elementor-element elementor-element-352019a1\" data-id=\"352019a1\" data-element_type=\"column\">\n\t\t\t<div class=\"elementor-widget-wrap elementor-element-populated\">\n\t\t\t\t\t\t\t<\/div>\n\t\t<\/div>\n\t\t\t\t\t<\/div>\n\t\t<\/section>\n\t\t\t\t<section class=\"elementor-section elementor-inner-section elementor-element elementor-element-33e023a0 elementor-section-full_width elementor-section-height-default elementor-section-height-default\" data-id=\"33e023a0\" data-element_type=\"section\">\n\t\t\t\t\t\t<div class=\"elementor-container elementor-column-gap-no\">\n\t\t\t\t\t<div class=\"elementor-column elementor-col-100 elementor-inner-column elementor-element elementor-element-1fcc283\" data-id=\"1fcc283\" data-element_type=\"column\">\n\t\t\t<div class=\"elementor-widget-wrap elementor-element-populated\">\n\t\t\t\t\t\t<div class=\"elementor-element elementor-element-9ac7952 elementor-widget elementor-widget-forester-portfolio-grid\" data-id=\"9ac7952\" data-element_type=\"widget\" data-widget_type=\"forester-portfolio-grid.default\">\n\t\t\t\t<div class=\"elementor-widget-container\">\n\t\t\t<div class=\"bg-white portfolio-wrapper\"><div class=\"fullwidth-style\"><div class=\"posts-filter cbp-l-filters-button text-center\"><div data-filter=\"*\" class=\"cbp-filter-active cbp-filter-item\">All<div class=\"cbp-filter-counter\"><\/div><\/div><div data-filter=\".branding\" class=\"cbp-filter-item\">Branding<div class=\"cbp-filter-counter\"><\/div><\/div><div data-filter=\".digital\" class=\"cbp-filter-item\">Digital<div class=\"cbp-filter-counter\"><\/div><\/div><div data-filter=\".print\" class=\"cbp-filter-item\">Print<div class=\"cbp-filter-counter\"><\/div><\/div><\/div><div id=\"blog-elementor\" class=\"blog-elementor cbp type-grid\" data-layoutmode=\"grid\" data-grid-adjustment=\"responsive\" data-animation-filter=\"sequentially\" data-animation-caption=\"pushDown\" data-animation-single=\"left\" data-horizontal-gap=\"30\" data-vertical-gap=\"30\" data-xlcount=\"3\" data-lgcount=\"3\" data-smcount=\"1\"><div class=\"cbp-item \"><a href=\"https:\/\/www.davidbarra.com\/wp-content\/uploads\/2019\/06\/Botella-y-lata-con-hielo-1.jpg\" title=\"Liquids &amp; Drinks\" data-title=\"&lt;h3&gt;Liquids &amp; Drinks  &lt;span&gt; \/ &lt;\/span&gt;&lt;\/h3&gt;\" class=\"cbp-lightbox cbp-caption\"><div class=\"cbp-caption\"><div class=\"cbp-caption-defaultWrap\"><img decoding=\"async\" src=\"https:\/\/www.davidbarra.com\/wp-content\/uploads\/2019\/06\/Botella-y-lata-con-hielo-1.jpg\" alt=\"Liquids &amp; Drinks\"><\/div><div class=\"cbp-caption-activeWrap black\"><div class=\"wrap\"><i class=\"ti-fullscreen x3\"><\/i><h3 class=\"post-cat\"><\/h3><div class=\"heading-title\">Liquids &amp; Drinks<\/div><\/div><\/div><\/div><\/a><\/div><div class=\"cbp-item \"><a href=\"https:\/\/www.davidbarra.com\/wp-content\/uploads\/2021\/07\/Aldi-22.jpg\" title=\"Food &amp; Packaging\" data-title=\"&lt;h3&gt;Food &amp; Packaging  &lt;span&gt; \/ &lt;\/span&gt;&lt;\/h3&gt;\" class=\"cbp-lightbox cbp-caption\"><div class=\"cbp-caption\"><div class=\"cbp-caption-defaultWrap\"><img decoding=\"async\" src=\"https:\/\/www.davidbarra.com\/wp-content\/uploads\/2021\/07\/Aldi-22.jpg\" alt=\"Food &amp; Packaging\"><\/div><div class=\"cbp-caption-activeWrap black\"><div class=\"wrap\"><i class=\"ti-fullscreen x3\"><\/i><h3 class=\"post-cat\"><\/h3><div class=\"heading-title\">Food &amp; Packaging<\/div><\/div><\/div><\/div><\/a><\/div><div class=\"cbp-item \"><a href=\"https:\/\/www.davidbarra.com\/wp-content\/uploads\/2014\/01\/Eclipse01.jpg\" title=\"Advertising\" data-title=\"&lt;h3&gt;Advertising  &lt;span&gt; \/ &lt;\/span&gt;&lt;\/h3&gt;\" class=\"cbp-lightbox cbp-caption\"><div class=\"cbp-caption\"><div class=\"cbp-caption-defaultWrap\"><img decoding=\"async\" src=\"https:\/\/www.davidbarra.com\/wp-content\/uploads\/2014\/01\/Eclipse01.jpg\" alt=\"Advertising\"><\/div><div class=\"cbp-caption-activeWrap black\"><div class=\"wrap\"><i class=\"ti-fullscreen x3\"><\/i><h3 class=\"post-cat\"><\/h3><div class=\"heading-title\">Advertising<\/div><\/div><\/div><\/div><\/a><\/div><div class=\"cbp-item \"><a href=\"https:\/\/www.davidbarra.com\/wp-content\/uploads\/2020\/04\/BeCorp-modelos-1245.jpg\" title=\"People\" data-title=\"&lt;h3&gt;People  &lt;span&gt; \/ &lt;\/span&gt;&lt;\/h3&gt;\" class=\"cbp-lightbox cbp-caption\"><div class=\"cbp-caption\"><div class=\"cbp-caption-defaultWrap\"><img decoding=\"async\" src=\"https:\/\/www.davidbarra.com\/wp-content\/uploads\/2020\/04\/BeCorp-modelos-1245.jpg\" alt=\"People\"><\/div><div class=\"cbp-caption-activeWrap black\"><div class=\"wrap\"><i class=\"ti-fullscreen x3\"><\/i><h3 class=\"post-cat\"><\/h3><div class=\"heading-title\">People<\/div><\/div><\/div><\/div><\/a><\/div><\/div><\/div><\/div>\t\t<\/div>\n\t\t\t\t<\/div>\n\t\t\t\t\t<\/div>\n\t\t<\/div>\n\t\t\t\t\t<\/div>\n\t\t<\/section>\n\t\t\t\t\t<\/div>\n\t\t<\/div>\n\t\t\t\t\t<\/div>\n\t\t<\/section>\n\t\t\t\t<section class=\"elementor-section elementor-top-section elementor-element elementor-element-378e13ca elementor-section-boxed elementor-section-height-default elementor-section-height-default\" data-id=\"378e13ca\" data-element_type=\"section\">\n\t\t\t\t\t\t<div class=\"elementor-container elementor-column-gap-default\">\n\t\t\t\t\t<div class=\"elementor-column elementor-col-33 elementor-top-column elementor-element elementor-element-662493d7\" data-id=\"662493d7\" data-element_type=\"column\">\n\t\t\t<div class=\"elementor-widget-wrap elementor-element-populated\">\n\t\t\t\t\t\t<div class=\"elementor-element elementor-element-67089843 elementor-widget elementor-widget-forester-features-item\" data-id=\"67089843\" data-element_type=\"widget\" data-widget_type=\"forester-features-item.default\">\n\t\t\t\t<div class=\"elementor-widget-container\">\n\t\t\t<div class=\"feature-container\"><div class=\"feature-icon\"><i class=\"ti-support x5 black\"><\/i><\/div><div class=\"feature-desc\"><div class=\"feature-title\"><h5 class=\"title subheading\">SUPPORT<\/h5><\/div><p class=\"desc\">Suspendisse imperdiet elementum bibendum. Fusce eu facilisis velit. Mauris at dapibus ligula. Mauris mauris lectus dominis elemusan.<\/p><\/div><\/div>\t\t<\/div>\n\t\t\t\t<\/div>\n\t\t\t\t<div class=\"elementor-element elementor-element-fa80718 elementor-widget elementor-widget-forester-features-item\" data-id=\"fa80718\" data-element_type=\"widget\" data-widget_type=\"forester-features-item.default\">\n\t\t\t\t<div class=\"elementor-widget-container\">\n\t\t\t<div class=\"feature-container\"><div class=\"feature-icon\"><i class=\"ti-cup x5 black\"><\/i><\/div><div class=\"feature-desc\"><div class=\"feature-title\"><h5 class=\"title subheading\">AWARDED<\/h5><\/div><p class=\"desc\">Suspendisse imperdiet elementum bibendum. Fusce eu facilisis velit. Mauris at dapibus ligula. Mauris mauris lectus dominis elemusan.<\/p><\/div><\/div>\t\t<\/div>\n\t\t\t\t<\/div>\n\t\t\t\t\t<\/div>\n\t\t<\/div>\n\t\t\t\t<div class=\"elementor-column elementor-col-33 elementor-top-column elementor-element elementor-element-54c9ef6a\" data-id=\"54c9ef6a\" data-element_type=\"column\">\n\t\t\t<div class=\"elementor-widget-wrap elementor-element-populated\">\n\t\t\t\t\t\t<div class=\"elementor-element elementor-element-329e84c7 elementor-widget elementor-widget-forester-features-item\" data-id=\"329e84c7\" data-element_type=\"widget\" data-widget_type=\"forester-features-item.default\">\n\t\t\t\t<div class=\"elementor-widget-container\">\n\t\t\t<div class=\"feature-container\"><div class=\"feature-icon\"><i class=\"ti-shopping-cart x5 black\"><\/i><\/div><div class=\"feature-desc\"><div class=\"feature-title\"><h5 class=\"title subheading\">ORDER<\/h5><\/div><p class=\"desc\">Suspendisse imperdiet elementum bibendum. Fusce eu facilisis velit. Mauris at dapibus ligula. Mauris mauris lectus dominis elemusan.<\/p><\/div><\/div>\t\t<\/div>\n\t\t\t\t<\/div>\n\t\t\t\t<div class=\"elementor-element elementor-element-953e2ae elementor-widget elementor-widget-forester-features-item\" data-id=\"953e2ae\" data-element_type=\"widget\" data-widget_type=\"forester-features-item.default\">\n\t\t\t\t<div class=\"elementor-widget-container\">\n\t\t\t<div class=\"feature-container\"><div class=\"feature-icon\"><i class=\"ti-brush-alt x5 black\"><\/i><\/div><div class=\"feature-desc\"><div class=\"feature-title\"><h5 class=\"title subheading\">CREAT\u0130VE<\/h5><\/div><p class=\"desc\">Suspendisse imperdiet elementum bibendum. Fusce eu facilisis velit. Mauris at dapibus ligula. Mauris mauris lectus dominis elemusan.<\/p><\/div><\/div>\t\t<\/div>\n\t\t\t\t<\/div>\n\t\t\t\t\t<\/div>\n\t\t<\/div>\n\t\t\t\t<div class=\"elementor-column elementor-col-33 elementor-top-column elementor-element elementor-element-17f054b5\" data-id=\"17f054b5\" data-element_type=\"column\">\n\t\t\t<div class=\"elementor-widget-wrap elementor-element-populated\">\n\t\t\t\t\t\t<div class=\"elementor-element elementor-element-132ace9 elementor-widget elementor-widget-forester-features-item\" data-id=\"132ace9\" data-element_type=\"widget\" data-widget_type=\"forester-features-item.default\">\n\t\t\t\t<div class=\"elementor-widget-container\">\n\t\t\t<div class=\"feature-container\"><div class=\"feature-icon\"><i class=\"ti-layout x5 black\"><\/i><\/div><div class=\"feature-desc\"><div class=\"feature-title\"><h5 class=\"title subheading\">RESPONSIVE<\/h5><\/div><p class=\"desc\">Suspendisse imperdiet elementum bibendum. Fusce eu facilisis velit. Mauris at dapibus ligula. Mauris mauris lectus dominis elemusan.<\/p><\/div><\/div>\t\t<\/div>\n\t\t\t\t<\/div>\n\t\t\t\t<div class=\"elementor-element elementor-element-6da20d4 elementor-widget elementor-widget-forester-features-item\" data-id=\"6da20d4\" data-element_type=\"widget\" data-widget_type=\"forester-features-item.default\">\n\t\t\t\t<div class=\"elementor-widget-container\">\n\t\t\t<div class=\"feature-container\"><div class=\"feature-icon\"><i class=\"ti-gift x5 black\"><\/i><\/div><div class=\"feature-desc\"><div class=\"feature-title\"><h5 class=\"title subheading\">GIVEAWAY<\/h5><\/div><p class=\"desc\">Suspendisse imperdiet elementum bibendum. Fusce eu facilisis velit. Mauris at dapibus ligula. Mauris mauris lectus dominis elemusan.<\/p><\/div><\/div>\t\t<\/div>\n\t\t\t\t<\/div>\n\t\t\t\t\t<\/div>\n\t\t<\/div>\n\t\t\t\t\t<\/div>\n\t\t<\/section>\n\t\t\t\t<\/div>\n\t\t","protected":false},"excerpt":{"rendered":"<p>Back To Homepage Somos Forester, una agencia digital creativa ubicada en Nueva York. Creamos cosas que la gente ama, necesita y disfruta al m\u00e1ximo. Hemos establecido una docena de clientes satisfechos en todo el mundo y nos hemos ganado la reputaci\u00f3n de ser la agencia digital m\u00e1s innovadora de Nueva York. Ut ut lectus id [&hellip;]<\/p>\n","protected":false},"author":1,"featured_media":0,"parent":0,"menu_order":0,"comment_status":"closed","ping_status":"closed","template":"forester-elementor-page.php","meta":{"footnotes":""},"class_list":["post-6319","page","type-page","status-publish","hentry"],"yoast_head":"<!-- This site is optimized with the Yoast SEO plugin v27.5 - https:\/\/yoast.com\/product\/yoast-seo-wordpress\/ -->\n<title>Marca - David Barra Studio +34 610 641 454<\/title>\n<meta name=\"description\" content=\"David Barra Studio +34 610 64 14 54 Fotograf\u00eda de alimentaci\u00f3n packaging y publicidad\" \/>\n<meta name=\"robots\" content=\"index, follow, max-snippet:-1, max-image-preview:large, max-video-preview:-1\" \/>\n<link rel=\"canonical\" href=\"https:\/\/www.davidbarra.com\/es\/marca\/\" \/>\n<meta name=\"twitter:label1\" content=\"Tiempo de lectura\" \/>\n\t<meta name=\"twitter:data1\" content=\"1 minuto\" \/>\n<script type=\"application\/ld+json\" class=\"yoast-schema-graph\">{\"@context\":\"https:\\\/\\\/schema.org\",\"@graph\":[{\"@type\":\"WebPage\",\"@id\":\"https:\\\/\\\/www.davidbarra.com\\\/es\\\/marca\\\/\",\"url\":\"https:\\\/\\\/www.davidbarra.com\\\/es\\\/marca\\\/\",\"name\":\"Marca - David Barra Studio +34 610 641 454\",\"isPartOf\":{\"@id\":\"https:\\\/\\\/www.davidbarra.com\\\/es\\\/#website\"},\"primaryImageOfPage\":{\"@id\":\"https:\\\/\\\/www.davidbarra.com\\\/es\\\/marca\\\/#primaryimage\"},\"image\":{\"@id\":\"https:\\\/\\\/www.davidbarra.com\\\/es\\\/marca\\\/#primaryimage\"},\"thumbnailUrl\":\"https:\\\/\\\/www.davidbarra.com\\\/wp-content\\\/uploads\\\/2019\\\/06\\\/Botella-y-lata-con-hielo-1.jpg\",\"datePublished\":\"2019-09-18T14:15:28+00:00\",\"dateModified\":\"2025-08-18T14:26:34+00:00\",\"description\":\"David Barra Studio +34 610 64 14 54 Fotograf\u00eda de alimentaci\u00f3n packaging y publicidad\",\"breadcrumb\":{\"@id\":\"https:\\\/\\\/www.davidbarra.com\\\/es\\\/marca\\\/#breadcrumb\"},\"inLanguage\":\"es\",\"potentialAction\":[{\"@type\":\"ReadAction\",\"target\":[\"https:\\\/\\\/www.davidbarra.com\\\/es\\\/marca\\\/\"]}]},{\"@type\":\"ImageObject\",\"inLanguage\":\"es\",\"@id\":\"https:\\\/\\\/www.davidbarra.com\\\/es\\\/marca\\\/#primaryimage\",\"url\":\"https:\\\/\\\/www.davidbarra.com\\\/wp-content\\\/uploads\\\/2019\\\/06\\\/Botella-y-lata-con-hielo-1.jpg\",\"contentUrl\":\"https:\\\/\\\/www.davidbarra.com\\\/wp-content\\\/uploads\\\/2019\\\/06\\\/Botella-y-lata-con-hielo-1.jpg\"},{\"@type\":\"BreadcrumbList\",\"@id\":\"https:\\\/\\\/www.davidbarra.com\\\/es\\\/marca\\\/#breadcrumb\",\"itemListElement\":[{\"@type\":\"ListItem\",\"position\":1,\"name\":\"Portada\",\"item\":\"https:\\\/\\\/www.davidbarra.com\\\/es\\\/\"},{\"@type\":\"ListItem\",\"position\":2,\"name\":\"Marca\"}]},{\"@type\":\"WebSite\",\"@id\":\"https:\\\/\\\/www.davidbarra.com\\\/es\\\/#website\",\"url\":\"https:\\\/\\\/www.davidbarra.com\\\/es\\\/\",\"name\":\"David Barra Studio +34 610 641 454\",\"description\":\"David Barra Studio +34 610 64 14 54 Fotograf\u00eda de alimentaci\u00f3n packaging y publicidad. Fot\u00f3grafo profesional. Barcelona.\",\"publisher\":{\"@id\":\"https:\\\/\\\/www.davidbarra.com\\\/es\\\/#organization\"},\"potentialAction\":[{\"@type\":\"SearchAction\",\"target\":{\"@type\":\"EntryPoint\",\"urlTemplate\":\"https:\\\/\\\/www.davidbarra.com\\\/es\\\/?s={search_term_string}\"},\"query-input\":{\"@type\":\"PropertyValueSpecification\",\"valueRequired\":true,\"valueName\":\"search_term_string\"}}],\"inLanguage\":\"es\"},{\"@type\":\"Organization\",\"@id\":\"https:\\\/\\\/www.davidbarra.com\\\/es\\\/#organization\",\"name\":\"David Barra Studio\",\"url\":\"https:\\\/\\\/www.davidbarra.com\\\/es\\\/\",\"logo\":{\"@type\":\"ImageObject\",\"inLanguage\":\"es\",\"@id\":\"https:\\\/\\\/www.davidbarra.com\\\/es\\\/#\\\/schema\\\/logo\\\/image\\\/\",\"url\":\"https:\\\/\\\/www.davidbarra.com\\\/wp-content\\\/uploads\\\/2020\\\/12\\\/logo-DADES-amb-marc-512-px.jpg\",\"contentUrl\":\"https:\\\/\\\/www.davidbarra.com\\\/wp-content\\\/uploads\\\/2020\\\/12\\\/logo-DADES-amb-marc-512-px.jpg\",\"width\":512,\"height\":511,\"caption\":\"David Barra Studio\"},\"image\":{\"@id\":\"https:\\\/\\\/www.davidbarra.com\\\/es\\\/#\\\/schema\\\/logo\\\/image\\\/\"},\"sameAs\":[\"https:\\\/\\\/www.facebook.com\\\/david.barra\\\/\",\"https:\\\/\\\/www.instagram.com\\\/davidbarrastudio\\\/\",\"https:\\\/\\\/www.linkedin.com\\\/in\\\/davidbarra\\\/\"]}]}<\/script>\n<!-- \/ Yoast SEO plugin. -->","yoast_head_json":{"title":"Marca - David Barra Studio +34 610 641 454","description":"David Barra Studio +34 610 64 14 54 Fotograf\u00eda de alimentaci\u00f3n packaging y publicidad","robots":{"index":"index","follow":"follow","max-snippet":"max-snippet:-1","max-image-preview":"max-image-preview:large","max-video-preview":"max-video-preview:-1"},"canonical":"https:\/\/www.davidbarra.com\/es\/marca\/","twitter_misc":{"Tiempo de lectura":"1 minuto"},"schema":{"@context":"https:\/\/schema.org","@graph":[{"@type":"WebPage","@id":"https:\/\/www.davidbarra.com\/es\/marca\/","url":"https:\/\/www.davidbarra.com\/es\/marca\/","name":"Marca - David Barra Studio +34 610 641 454","isPartOf":{"@id":"https:\/\/www.davidbarra.com\/es\/#website"},"primaryImageOfPage":{"@id":"https:\/\/www.davidbarra.com\/es\/marca\/#primaryimage"},"image":{"@id":"https:\/\/www.davidbarra.com\/es\/marca\/#primaryimage"},"thumbnailUrl":"https:\/\/www.davidbarra.com\/wp-content\/uploads\/2019\/06\/Botella-y-lata-con-hielo-1.jpg","datePublished":"2019-09-18T14:15:28+00:00","dateModified":"2025-08-18T14:26:34+00:00","description":"David Barra Studio +34 610 64 14 54 Fotograf\u00eda de alimentaci\u00f3n packaging y publicidad","breadcrumb":{"@id":"https:\/\/www.davidbarra.com\/es\/marca\/#breadcrumb"},"inLanguage":"es","potentialAction":[{"@type":"ReadAction","target":["https:\/\/www.davidbarra.com\/es\/marca\/"]}]},{"@type":"ImageObject","inLanguage":"es","@id":"https:\/\/www.davidbarra.com\/es\/marca\/#primaryimage","url":"https:\/\/www.davidbarra.com\/wp-content\/uploads\/2019\/06\/Botella-y-lata-con-hielo-1.jpg","contentUrl":"https:\/\/www.davidbarra.com\/wp-content\/uploads\/2019\/06\/Botella-y-lata-con-hielo-1.jpg"},{"@type":"BreadcrumbList","@id":"https:\/\/www.davidbarra.com\/es\/marca\/#breadcrumb","itemListElement":[{"@type":"ListItem","position":1,"name":"Portada","item":"https:\/\/www.davidbarra.com\/es\/"},{"@type":"ListItem","position":2,"name":"Marca"}]},{"@type":"WebSite","@id":"https:\/\/www.davidbarra.com\/es\/#website","url":"https:\/\/www.davidbarra.com\/es\/","name":"David Barra Studio +34 610 641 454","description":"David Barra Studio +34 610 64 14 54 Fotograf\u00eda de alimentaci\u00f3n packaging y publicidad. Fot\u00f3grafo profesional. Barcelona.","publisher":{"@id":"https:\/\/www.davidbarra.com\/es\/#organization"},"potentialAction":[{"@type":"SearchAction","target":{"@type":"EntryPoint","urlTemplate":"https:\/\/www.davidbarra.com\/es\/?s={search_term_string}"},"query-input":{"@type":"PropertyValueSpecification","valueRequired":true,"valueName":"search_term_string"}}],"inLanguage":"es"},{"@type":"Organization","@id":"https:\/\/www.davidbarra.com\/es\/#organization","name":"David Barra Studio","url":"https:\/\/www.davidbarra.com\/es\/","logo":{"@type":"ImageObject","inLanguage":"es","@id":"https:\/\/www.davidbarra.com\/es\/#\/schema\/logo\/image\/","url":"https:\/\/www.davidbarra.com\/wp-content\/uploads\/2020\/12\/logo-DADES-amb-marc-512-px.jpg","contentUrl":"https:\/\/www.davidbarra.com\/wp-content\/uploads\/2020\/12\/logo-DADES-amb-marc-512-px.jpg","width":512,"height":511,"caption":"David Barra Studio"},"image":{"@id":"https:\/\/www.davidbarra.com\/es\/#\/schema\/logo\/image\/"},"sameAs":["https:\/\/www.facebook.com\/david.barra\/","https:\/\/www.instagram.com\/davidbarrastudio\/","https:\/\/www.linkedin.com\/in\/davidbarra\/"]}]}},"_links":{"self":[{"href":"https:\/\/www.davidbarra.com\/es\/wp-json\/wp\/v2\/pages\/6319","targetHints":{"allow":["GET"]}}],"collection":[{"href":"https:\/\/www.davidbarra.com\/es\/wp-json\/wp\/v2\/pages"}],"about":[{"href":"https:\/\/www.davidbarra.com\/es\/wp-json\/wp\/v2\/types\/page"}],"author":[{"embeddable":true,"href":"https:\/\/www.davidbarra.com\/es\/wp-json\/wp\/v2\/users\/1"}],"replies":[{"embeddable":true,"href":"https:\/\/www.davidbarra.com\/es\/wp-json\/wp\/v2\/comments?post=6319"}],"version-history":[{"count":1,"href":"https:\/\/www.davidbarra.com\/es\/wp-json\/wp\/v2\/pages\/6319\/revisions"}],"predecessor-version":[{"id":6321,"href":"https:\/\/www.davidbarra.com\/es\/wp-json\/wp\/v2\/pages\/6319\/revisions\/6321"}],"wp:attachment":[{"href":"https:\/\/www.davidbarra.com\/es\/wp-json\/wp\/v2\/media?parent=6319"}],"curies":[{"name":"wp","href":"https:\/\/api.w.org\/{rel}","templated":true}]}}