{"id":6318,"date":"2019-09-18T16:39:25","date_gmt":"2019-09-18T15:39:25","guid":{"rendered":"https:\/\/www.davidbarra.com\/contacto\/"},"modified":"2025-08-18T15:26:34","modified_gmt":"2025-08-18T14:26:34","slug":"contacto","status":"publish","type":"page","link":"https:\/\/www.davidbarra.com\/es\/contacto\/","title":{"rendered":"Contacto"},"content":{"rendered":"\t\t<div data-elementor-type=\"wp-page\" data-elementor-id=\"6318\" class=\"elementor elementor-6318 elementor-2042\" data-elementor-post-type=\"page\">\n\t\t\t\t\t\t<section class=\"elementor-section elementor-top-section elementor-element elementor-element-457bcaeb elementor-section-stretched elementor-section-full_width elementor-section-height-default elementor-section-height-default\" data-id=\"457bcaeb\" data-element_type=\"section\" data-settings='{\"stretch_section\":\"section-stretched\"}'>\n\t\t\t\t\t\t<div class=\"elementor-container elementor-column-gap-no\">\n\t\t\t\t\t<div class=\"elementor-column elementor-col-100 elementor-top-column elementor-element elementor-element-71c9c67e\" data-id=\"71c9c67e\" data-element_type=\"column\">\n\t\t\t<div class=\"elementor-widget-wrap elementor-element-populated\">\n\t\t\t\t\t\t<div class=\"elementor-element elementor-element-1164b167 elementor-widget elementor-widget-forester-page-hero\" data-id=\"1164b167\" data-element_type=\"widget\" data-widget_type=\"forester-page-hero.default\">\n\t\t\t\t<div class=\"elementor-widget-container\">\n\t\t\t<div id=\"hero\" class=\"hero page-hero hero-fullwidth hero_1164b167 jarallax\" data-jarallax=\"\" data-type=\"scroll\" data-speed=\"0.2\" data-android=\"0\" data-ios=\"0\" style=\"background-image:url(https:\/\/ninetheme.com\/themes\/elementor\/forester\/wp-content\/uploads\/2018\/05\/bg-1-3.jpg)\" data-img-src=\"https:\/\/ninetheme.com\/themes\/elementor\/forester\/wp-content\/uploads\/2018\/05\/bg-1-3.jpg\" data-img-size=\"cover\" data-img-position=\"center center\" data-img-repeat=\"no-repeat\"><div class=\"hero-content no\"><div class=\"container white\"><div class=\"m-auto\"><div class=\"title-service mb15\"><h2 class=\"page-heading\">Contacto<\/h2><\/div><a class=\"hero-btn btn-sm btn btn-circle btn-ghost-white\" href=\"#\">Back To Homepage <\/a><\/div><\/div><\/div><\/div>\t\t<\/div>\n\t\t\t\t<\/div>\n\t\t\t\t\t<\/div>\n\t\t<\/div>\n\t\t\t\t\t<\/div>\n\t\t<\/section>\n\t\t\t\t<section class=\"elementor-section elementor-top-section elementor-element elementor-element-a272a99 elementor-section-boxed elementor-section-height-default elementor-section-height-default\" data-id=\"a272a99\" data-element_type=\"section\">\n\t\t\t\t\t\t<div class=\"elementor-container elementor-column-gap-default\">\n\t\t\t\t\t<div class=\"elementor-column elementor-col-100 elementor-top-column elementor-element elementor-element-53df60b\" data-id=\"53df60b\" data-element_type=\"column\">\n\t\t\t<div class=\"elementor-widget-wrap elementor-element-populated\">\n\t\t\t\t\t\t<div class=\"elementor-element elementor-element-eb46763 elementor-widget elementor-widget-forester-contact-info\" data-id=\"eb46763\" data-element_type=\"widget\" data-widget_type=\"forester-contact-info.default\">\n\t\t\t\t<div class=\"elementor-widget-container\">\n\t\t\t<div class=\"info-contact pb50 text-center m-auto\"><div class=\"number black pb10\"><div class=\"heading-title\">GIVE US A CALL<\/div><h2 class=\"phone\"><i class=\"ti-mobile phone pr15\"><\/i>633-926-316<\/h2><\/div><h6 class=\"detail\"><i class=\"fa fa-envelope-o pr5\"><\/i> support@honshi.com<\/h6><h6 class=\"detail\"><i class=\"fa fa-home pr5\"><\/i> 3 Byron Ave, Yonkers NY<\/h6><\/div>\t\t<\/div>\n\t\t\t\t<\/div>\n\t\t\t\t<div class=\"elementor-element elementor-element-9f707f1 elementor-widget elementor-widget-forester-contact-form-7\" data-id=\"9f707f1\" data-element_type=\"widget\" data-widget_type=\"forester-contact-form-7.default\">\n\t\t\t\t<div class=\"elementor-widget-container\">\n\t\t\t\n<div class=\"wpcf7 no-js\" id=\"wpcf7-f6346-o1\" lang=\"es-ES\" dir=\"ltr\" data-wpcf7-id=\"6346\">\n<div class=\"screen-reader-response\"><p role=\"status\" aria-live=\"polite\" aria-atomic=\"true\"><\/p> <ul><\/ul><\/div>\n<form action=\"\/es\/wp-json\/wp\/v2\/pages\/6318#wpcf7-f6346-o1\" method=\"post\" class=\"wpcf7-form init\" aria-label=\"Formulario de contacto\" novalidate=\"novalidate\" data-status=\"init\">\n<fieldset class=\"hidden-fields-container\"><input type=\"hidden\" name=\"_wpcf7\" value=\"6346\"><input type=\"hidden\" name=\"_wpcf7_version\" value=\"6.1.5\"><input type=\"hidden\" name=\"_wpcf7_locale\" value=\"es_ES\"><input type=\"hidden\" name=\"_wpcf7_unit_tag\" value=\"wpcf7-f6346-o1\"><input type=\"hidden\" name=\"_wpcf7_container_post\" value=\"0\"><input type=\"hidden\" name=\"_wpcf7_posted_data_hash\" value=\"\"><input type=\"hidden\" name=\"_wpcf7_recaptcha_response\" value=\"\">\n<\/fieldset>\n<div class=\"ucf form-horizontal\">\n\t<fieldset>\n\t\t<div class=\"form-group\">\n\t\t\t<p><span class=\"wpcf7-form-control-wrap\" data-name=\"text-75\"><input size=\"40\" maxlength=\"400\" class=\"wpcf7-form-control wpcf7-text wpcf7-validates-as-required form-control\" id=\"name\" aria-required=\"true\" aria-invalid=\"false\" placeholder=\"Su nombre *\" value=\"\" type=\"text\" name=\"text-75\"><\/span>\n\t\t\t<\/p>\n\t\t<\/div>\n\t\t<div class=\"form-group\">\n\t\t\t<p><span class=\"wpcf7-form-control-wrap\" data-name=\"email-841\"><input size=\"40\" maxlength=\"400\" class=\"wpcf7-form-control wpcf7-email wpcf7-validates-as-required wpcf7-text wpcf7-validates-as-email form-control\" id=\"email\" aria-required=\"true\" aria-invalid=\"false\" placeholder=\"Su correo electr\u00f3nico *\" value=\"\" type=\"email\" name=\"email-841\"><\/span>\n\t\t\t<\/p>\n\t\t<\/div>\n\t\t<div class=\"form-group\">\n\t\t\t<p><span class=\"wpcf7-form-control-wrap\" data-name=\"text-75\"><input size=\"40\" maxlength=\"400\" class=\"wpcf7-form-control wpcf7-text form-control\" id=\"subject\" aria-invalid=\"false\" placeholder=\"Asunto\" value=\"\" type=\"text\" name=\"text-75\"><\/span>\n\t\t\t<\/p>\n\t\t<\/div>\n\t\t<div class=\"form-group\">\n\t\t\t<p><span class=\"wpcf7-form-control-wrap\" data-name=\"textarea-792\"><textarea cols=\"40\" rows=\"10\" maxlength=\"2000\" class=\"wpcf7-form-control wpcf7-textarea wpcf7-validates-as-required form-control\" id=\"message\" aria-required=\"true\" aria-invalid=\"false\" placeholder=\"Su mensaje... *\" name=\"textarea-792\"><\/textarea><\/span>\n\t\t\t<\/p>\n\t\t<\/div>\n\t\t<div class=\"form-group\">\n\t\t\t<p><input class=\"wpcf7-form-control wpcf7-submit has-spinner btn btn-sm btn-md btn-primary\" type=\"submit\" value=\"Enviar\">\n\t\t\t<\/p>\n\t\t<\/div>\n\t<\/fieldset>\n<\/div><div class=\"wpcf7-response-output\" aria-hidden=\"true\"><\/div>\n<\/form>\n<\/div>\n\t\t<\/div>\n\t\t\t\t<\/div>\n\t\t\t\t<section class=\"elementor-section elementor-inner-section elementor-element elementor-element-f1fa6be elementor-section-boxed elementor-section-height-default elementor-section-height-default\" data-id=\"f1fa6be\" data-element_type=\"section\">\n\t\t\t\t\t\t<div class=\"elementor-container elementor-column-gap-default\">\n\t\t\t\t\t<div class=\"elementor-column elementor-col-100 elementor-inner-column elementor-element elementor-element-1eb2aaa\" data-id=\"1eb2aaa\" data-element_type=\"column\">\n\t\t\t<div class=\"elementor-widget-wrap\">\n\t\t\t\t\t\t\t<\/div>\n\t\t<\/div>\n\t\t\t\t\t<\/div>\n\t\t<\/section>\n\t\t\t\t\t<\/div>\n\t\t<\/div>\n\t\t\t\t\t<\/div>\n\t\t<\/section>\n\t\t\t\t<section class=\"elementor-section elementor-top-section elementor-element elementor-element-5485b9fd elementor-section-stretched elementor-section-full_width elementor-section-height-default elementor-section-height-default\" data-id=\"5485b9fd\" data-element_type=\"section\" data-settings='{\"stretch_section\":\"section-stretched\"}'>\n\t\t\t\t\t\t<div class=\"elementor-container elementor-column-gap-no\">\n\t\t\t\t\t<div class=\"elementor-column elementor-col-100 elementor-top-column elementor-element elementor-element-7402696d\" data-id=\"7402696d\" data-element_type=\"column\">\n\t\t\t<div class=\"elementor-widget-wrap elementor-element-populated\">\n\t\t\t\t\t\t<div class=\"elementor-element elementor-element-7d919117 elementor-widget elementor-widget-google_maps\" data-id=\"7d919117\" data-element_type=\"widget\" data-widget_type=\"google_maps.default\">\n\t\t\t\t<div class=\"elementor-widget-container\">\n\t\t\t\t\t<div class=\"elementor-custom-embed\">\n\t\t\t<iframe loading=\"lazy\" src=\"https:\/\/www.google.com\/maps\/embed\/v1\/place?key=AIzaSyDy3H6Q8fsW_x6Afh78wEu1k-N1300UfC8&amp;q=London%20Eye%2C%20London%2C%20United%20Kingdom&amp;zoom=10\" title=\"London Eye, London, United Kingdom\" aria-label=\"London Eye, London, United Kingdom\"><\/iframe>\n\t\t<\/div>\n\t\t\t\t<\/div>\n\t\t\t\t<\/div>\n\t\t\t\t\t<\/div>\n\t\t<\/div>\n\t\t\t\t\t<\/div>\n\t\t<\/section>\n\t\t\t\t<\/div>\n\t\t","protected":false},"excerpt":{"rendered":"<p>Contact Back To Homepage GIVE US A CALL 633-926-316 support@honshi.com 3 Byron Ave, Yonkers NY<\/p>\n","protected":false},"author":1,"featured_media":0,"parent":0,"menu_order":0,"comment_status":"closed","ping_status":"closed","template":"forester-elementor-page.php","meta":{"footnotes":""},"class_list":["post-6318","page","type-page","status-publish","hentry"],"yoast_head":"<!-- This site is optimized with the Yoast SEO plugin v27.5 - https:\/\/yoast.com\/product\/yoast-seo-wordpress\/ -->\n<title>Contacto - David Barra Studio +34 610 641 454<\/title>\n<meta name=\"description\" content=\"David Barra Studio +34 610 64 14 54 Fotograf\u00eda de alimentaci\u00f3n packaging y publicidad\" \/>\n<meta name=\"robots\" content=\"index, follow, max-snippet:-1, max-image-preview:large, max-video-preview:-1\" \/>\n<link rel=\"canonical\" href=\"https:\/\/www.davidbarra.com\/es\/contacto\/\" \/>\n<script type=\"application\/ld+json\" class=\"yoast-schema-graph\">{\"@context\":\"https:\\\/\\\/schema.org\",\"@graph\":[{\"@type\":\"WebPage\",\"@id\":\"https:\\\/\\\/www.davidbarra.com\\\/es\\\/contacto\\\/\",\"url\":\"https:\\\/\\\/www.davidbarra.com\\\/es\\\/contacto\\\/\",\"name\":\"Contacto - David Barra Studio +34 610 641 454\",\"isPartOf\":{\"@id\":\"https:\\\/\\\/www.davidbarra.com\\\/es\\\/#website\"},\"datePublished\":\"2019-09-18T15:39:25+00:00\",\"dateModified\":\"2025-08-18T14:26:34+00:00\",\"description\":\"David Barra Studio +34 610 64 14 54 Fotograf\u00eda de alimentaci\u00f3n packaging y publicidad\",\"breadcrumb\":{\"@id\":\"https:\\\/\\\/www.davidbarra.com\\\/es\\\/contacto\\\/#breadcrumb\"},\"inLanguage\":\"es\",\"potentialAction\":[{\"@type\":\"ReadAction\",\"target\":[\"https:\\\/\\\/www.davidbarra.com\\\/es\\\/contacto\\\/\"]}]},{\"@type\":\"BreadcrumbList\",\"@id\":\"https:\\\/\\\/www.davidbarra.com\\\/es\\\/contacto\\\/#breadcrumb\",\"itemListElement\":[{\"@type\":\"ListItem\",\"position\":1,\"name\":\"Portada\",\"item\":\"https:\\\/\\\/www.davidbarra.com\\\/es\\\/\"},{\"@type\":\"ListItem\",\"position\":2,\"name\":\"Contacto\"}]},{\"@type\":\"WebSite\",\"@id\":\"https:\\\/\\\/www.davidbarra.com\\\/es\\\/#website\",\"url\":\"https:\\\/\\\/www.davidbarra.com\\\/es\\\/\",\"name\":\"David Barra Studio +34 610 641 454\",\"description\":\"David Barra Studio +34 610 64 14 54 Fotograf\u00eda de alimentaci\u00f3n packaging y publicidad. Fot\u00f3grafo profesional. Barcelona.\",\"publisher\":{\"@id\":\"https:\\\/\\\/www.davidbarra.com\\\/es\\\/#organization\"},\"potentialAction\":[{\"@type\":\"SearchAction\",\"target\":{\"@type\":\"EntryPoint\",\"urlTemplate\":\"https:\\\/\\\/www.davidbarra.com\\\/es\\\/?s={search_term_string}\"},\"query-input\":{\"@type\":\"PropertyValueSpecification\",\"valueRequired\":true,\"valueName\":\"search_term_string\"}}],\"inLanguage\":\"es\"},{\"@type\":\"Organization\",\"@id\":\"https:\\\/\\\/www.davidbarra.com\\\/es\\\/#organization\",\"name\":\"David Barra Studio\",\"url\":\"https:\\\/\\\/www.davidbarra.com\\\/es\\\/\",\"logo\":{\"@type\":\"ImageObject\",\"inLanguage\":\"es\",\"@id\":\"https:\\\/\\\/www.davidbarra.com\\\/es\\\/#\\\/schema\\\/logo\\\/image\\\/\",\"url\":\"https:\\\/\\\/www.davidbarra.com\\\/wp-content\\\/uploads\\\/2020\\\/12\\\/logo-DADES-amb-marc-512-px.jpg\",\"contentUrl\":\"https:\\\/\\\/www.davidbarra.com\\\/wp-content\\\/uploads\\\/2020\\\/12\\\/logo-DADES-amb-marc-512-px.jpg\",\"width\":512,\"height\":511,\"caption\":\"David Barra Studio\"},\"image\":{\"@id\":\"https:\\\/\\\/www.davidbarra.com\\\/es\\\/#\\\/schema\\\/logo\\\/image\\\/\"},\"sameAs\":[\"https:\\\/\\\/www.facebook.com\\\/david.barra\\\/\",\"https:\\\/\\\/www.instagram.com\\\/davidbarrastudio\\\/\",\"https:\\\/\\\/www.linkedin.com\\\/in\\\/davidbarra\\\/\"]}]}<\/script>\n<!-- \/ Yoast SEO plugin. -->","yoast_head_json":{"title":"Contacto - David Barra Studio +34 610 641 454","description":"David Barra Studio +34 610 64 14 54 Fotograf\u00eda de alimentaci\u00f3n packaging y publicidad","robots":{"index":"index","follow":"follow","max-snippet":"max-snippet:-1","max-image-preview":"max-image-preview:large","max-video-preview":"max-video-preview:-1"},"canonical":"https:\/\/www.davidbarra.com\/es\/contacto\/","schema":{"@context":"https:\/\/schema.org","@graph":[{"@type":"WebPage","@id":"https:\/\/www.davidbarra.com\/es\/contacto\/","url":"https:\/\/www.davidbarra.com\/es\/contacto\/","name":"Contacto - David Barra Studio +34 610 641 454","isPartOf":{"@id":"https:\/\/www.davidbarra.com\/es\/#website"},"datePublished":"2019-09-18T15:39:25+00:00","dateModified":"2025-08-18T14:26:34+00:00","description":"David Barra Studio +34 610 64 14 54 Fotograf\u00eda de alimentaci\u00f3n packaging y publicidad","breadcrumb":{"@id":"https:\/\/www.davidbarra.com\/es\/contacto\/#breadcrumb"},"inLanguage":"es","potentialAction":[{"@type":"ReadAction","target":["https:\/\/www.davidbarra.com\/es\/contacto\/"]}]},{"@type":"BreadcrumbList","@id":"https:\/\/www.davidbarra.com\/es\/contacto\/#breadcrumb","itemListElement":[{"@type":"ListItem","position":1,"name":"Portada","item":"https:\/\/www.davidbarra.com\/es\/"},{"@type":"ListItem","position":2,"name":"Contacto"}]},{"@type":"WebSite","@id":"https:\/\/www.davidbarra.com\/es\/#website","url":"https:\/\/www.davidbarra.com\/es\/","name":"David Barra Studio +34 610 641 454","description":"David Barra Studio +34 610 64 14 54 Fotograf\u00eda de alimentaci\u00f3n packaging y publicidad. Fot\u00f3grafo profesional. Barcelona.","publisher":{"@id":"https:\/\/www.davidbarra.com\/es\/#organization"},"potentialAction":[{"@type":"SearchAction","target":{"@type":"EntryPoint","urlTemplate":"https:\/\/www.davidbarra.com\/es\/?s={search_term_string}"},"query-input":{"@type":"PropertyValueSpecification","valueRequired":true,"valueName":"search_term_string"}}],"inLanguage":"es"},{"@type":"Organization","@id":"https:\/\/www.davidbarra.com\/es\/#organization","name":"David Barra Studio","url":"https:\/\/www.davidbarra.com\/es\/","logo":{"@type":"ImageObject","inLanguage":"es","@id":"https:\/\/www.davidbarra.com\/es\/#\/schema\/logo\/image\/","url":"https:\/\/www.davidbarra.com\/wp-content\/uploads\/2020\/12\/logo-DADES-amb-marc-512-px.jpg","contentUrl":"https:\/\/www.davidbarra.com\/wp-content\/uploads\/2020\/12\/logo-DADES-amb-marc-512-px.jpg","width":512,"height":511,"caption":"David Barra Studio"},"image":{"@id":"https:\/\/www.davidbarra.com\/es\/#\/schema\/logo\/image\/"},"sameAs":["https:\/\/www.facebook.com\/david.barra\/","https:\/\/www.instagram.com\/davidbarrastudio\/","https:\/\/www.linkedin.com\/in\/davidbarra\/"]}]}},"_links":{"self":[{"href":"https:\/\/www.davidbarra.com\/es\/wp-json\/wp\/v2\/pages\/6318","targetHints":{"allow":["GET"]}}],"collection":[{"href":"https:\/\/www.davidbarra.com\/es\/wp-json\/wp\/v2\/pages"}],"about":[{"href":"https:\/\/www.davidbarra.com\/es\/wp-json\/wp\/v2\/types\/page"}],"author":[{"embeddable":true,"href":"https:\/\/www.davidbarra.com\/es\/wp-json\/wp\/v2\/users\/1"}],"replies":[{"embeddable":true,"href":"https:\/\/www.davidbarra.com\/es\/wp-json\/wp\/v2\/comments?post=6318"}],"version-history":[{"count":1,"href":"https:\/\/www.davidbarra.com\/es\/wp-json\/wp\/v2\/pages\/6318\/revisions"}],"predecessor-version":[{"id":6320,"href":"https:\/\/www.davidbarra.com\/es\/wp-json\/wp\/v2\/pages\/6318\/revisions\/6320"}],"wp:attachment":[{"href":"https:\/\/www.davidbarra.com\/es\/wp-json\/wp\/v2\/media?parent=6318"}],"curies":[{"name":"wp","href":"https:\/\/api.w.org\/{rel}","templated":true}]}}